{"id":84,"date":"2020-02-12T17:28:45","date_gmt":"2020-02-12T16:28:45","guid":{"rendered":"http:\/\/www.auto-dienst-kleve.de\/startseite\/?page_id=84"},"modified":"2020-04-21T13:00:55","modified_gmt":"2020-04-21T11:00:55","slug":"dienstleistungen_autoservice","status":"publish","type":"page","link":"https:\/\/www.auto-dienst-kleve.de\/startseite\/","title":{"rendered":"Unsere Dienstleistungen im \u00dcberblick"},"content":{"rendered":"<p>Herzlich Willkommen, wir freuen uns \u00fcber Ihren Besuch.<br \/>\nNachfolgend finden Sie einen kleinen Auszug unserer Dienstleistungen &#8211; Autoservice Gerigk in Kleve.<\/p>\n<table style=\"width: 100%; height: 100%; border-width: 0px;\">\n<tbody>\n<tr>\n<td style=\"width: 20%; height: 100%; border-width: 0px; text-align: center;\"><a href=\"https:\/\/www.auto-dienst-kleve.de\/autoinspektion\/\"><img src=\"https:\/\/auto-dienst-kleve.de\/bilder\/oel.png\" alt=\"Inspektionen nach Herstellervorgaben\" width=\"70%\" \/><\/a><br \/>\n<a style=\"color: #000000; text-decoration: none;\" href=\"https:\/\/www.auto-dienst-kleve.de\/inspektion\/\"><b>Inspektionen<\/b><\/a><\/td>\n<td style=\"width: 20%; height: 100%; border-width: 0px; text-align: center;\"><a href=\"https:\/\/www.auto-dienst-kleve.de\/hu-au\/\"><img src=\"https:\/\/auto-dienst-kleve.de\/bilder\/huau.png\" alt=\"Hauptuntersuchung und Abgasuntersuchung\" width=\"70%\" \/><\/a><br \/>\n<a style=\"color: #000000; text-decoration: none;\" href=\"https:\/\/www.auto-dienst-kleve.de\/hu-au\/\"><b>HU\/AU Service<\/b><\/a><\/td>\n<td style=\"width: 20%; height: 100%; border-width: 0px; text-align: center;\"><a href=\"https:\/\/www.auto-dienst-kleve.de\/klimaservicekleve\/\"><img src=\"https:\/\/auto-dienst-kleve.de\/bilder\/klima.png\" alt=\"Klimaservice\" width=\"70%\" \/><\/a><br \/>\n<a style=\"color: #000000; text-decoration: none;\" href=\"https:\/\/www.auto-dienst-kleve.de\/klima-service\/\"><b>Klima-Service<\/b><\/a><\/td>\n<td style=\"width: 20%; height: 100%; border-width: 0px; text-align: center;\"><a href=\"https:\/\/www.auto-dienst-kleve.de\/glasschaden\/\"><img src=\"https:\/\/auto-dienst-kleve.de\/bilder\/glas.png\" alt=\"Glasschaden\" width=\"70%\" \/><\/a><br \/>\n<a style=\"color: #000000; text-decoration: none;\" href=\"https:\/\/www.auto-dienst-kleve.de\/glasschaden\/\"><b>Glasschaden<\/b><\/a><\/td>\n<td style=\"width: 20%; height: 100%; border-width: 0px; text-align: center;\"><a href=\"https:\/\/www.auto-dienst-kleve.de\/reifen-service\/\"><img src=\"https:\/\/auto-dienst-kleve.de\/bilder\/reifen.png\" alt=\"Reifenwechsel Service\" width=\"70%\" \/><\/a><br \/>\n<a style=\"color: #000000; text-decoration: none;\" href=\"https:\/\/www.auto-dienst-kleve.de\/reifen-service\/\"><b>Reifen-Service<\/b><\/a><\/td>\n<\/tr>\n<\/tbody>\n<\/table>\n<p>&nbsp;<\/p>\n<p>Vereinbaren Sie ganz bequem einen Termin in unserem Haus. Wir f\u00fchren Inspektionen nach Herstellervorgaben, Haupt- und Abgasuntersuchungen dreimal in der Woche, Klimaservice, Reifenwechsel- und Komplettr\u00e4derwechselservice (Einlagerungspl\u00e4tze je nach Verf\u00fcgbarkeit) durch. Au\u00dferdem k\u00f6nnen Sie bei uns Glas- und Unfallsch\u00e4den instandsetzen lassen sowie Achsvermessungen und auch DPF-Regenerationen durchf\u00fchren lassen.<br \/>\nService wird bei uns gro\u00df geschrieben, sprechen Sie uns f\u00fcr weitere Dienstleistungen wie Fahrzeugaufbereitung oder -innenreinigung und Reifenreparatur oder -auswuchtung einfach an.<\/p>\n<p>Wenn Sie mobil bleiben m\u00fcssen, k\u00f6nnen Sie einen unserer Kundenflitzer-Leihwagen zu Ihrem Termin zubuchen.<br \/>\nDa die Verf\u00fcgbarkeit eines Ersatzwagens nicht immer gew\u00e4hrleistet ist, freuen wir uns \u00fcber fr\u00fchzeitige Terminabsprache. <\/p>\n<p>Auch einen Hol- und Bringservice z\u00e4hlen wir zu unseren qualitativen Angeboten. Denn manchmal gibt es einfach Situationen in denen man Hilfe braucht. Sprechen Sie uns bei Bedarf bitte an und stellen Sie sicher, dass Sie zum vereinbarten Termin auch telefonisch erreichbar sind.<br \/>\nUnd wenn das Auto mal nicht anspringt sind wir auch f\u00fcr Sie da. F\u00fcr Hilfeleistungen melden Sie sich bitte telefonisch bei uns. Bei Problemen aller anderen Art jedoch kl\u00e4ren Sie bitte vorher ab, ob Sie einen <a href=\"https:\/\/de.wikipedia.org\/wiki\/Schutzbrief_(Kraftfahrzeug)\" rel=\"noopener noreferrer\" target=\"_blank\">Schutzbrief<\/a> in Ihrer Versicherungspolice inbegriffen haben oder Mitglied im <a href=\"https:\/\/www.adac.de\/\" rel=\"noopener noreferrer\" target=\"_blank\">ADAC<\/a> sind. Denn nur so wird Ihr Fahrzeug f\u00fcr Sie kostenfrei zu uns eingeschleppt.<\/p>\n<p><img src=\"https:\/\/www.auto-dienst-kleve.de\/wp-content\/uploads\/2020\/02\/logi2-300x95.png\" alt=\"Dienstleistungen Autoservice Gerigk Kleve\" width=\"300\" height=\"95\" border=\"0px\" \/><br \/>\nIhr Team vom Autoservice Gerigk<\/p>\n","protected":false},"excerpt":{"rendered":"<p>Herzlich Willkommen, wir freuen uns \u00fcber Ihren Besuch. Nachfolgend finden Sie einen kleinen Auszug unserer Dienstleistungen &#8211; Autoservice Gerigk in Kleve. Inspektionen HU\/AU Service Klima-Service Glasschaden Reifen-Service &nbsp; Vereinbaren Sie ganz bequem einen Termin in unserem Haus. Wir f\u00fchren Inspektionen nach Herstellervorgaben, Haupt- und Abgasuntersuchungen dreimal in der Woche, Klimaservice, Reifenwechsel- und Komplettr\u00e4derwechselservice (Einlagerungspl\u00e4tze je [&hellip;]<\/p>\n","protected":false},"author":1,"featured_media":0,"parent":0,"menu_order":0,"comment_status":"closed","ping_status":"closed","template":"","meta":[],"yoast_head":"<!-- This site is optimized with the Yoast SEO plugin v19.1 - https:\/\/yoast.com\/wordpress\/plugins\/seo\/ -->\n<title>Autoservice Gerigk Kleve - Unsere Dienstleistungen im \u00dcberblick<\/title>\n<meta name=\"description\" content=\"Dienstleistungen Autoservice Gerigk in Kleve: Inspektionen \/ HU\/AU \/ Klimaservice \/ Glasschaden \/ Unfallinstandsetzung \/ Reifen-Service - TERMIN machen!\" \/>\n<meta name=\"robots\" content=\"index, follow, max-snippet:-1, max-image-preview:large, max-video-preview:-1\" \/>\n<link rel=\"canonical\" href=\"https:\/\/www.auto-dienst-kleve.de\/startseite\/\" \/>\n<meta property=\"og:locale\" content=\"de_DE\" \/>\n<meta property=\"og:type\" content=\"article\" \/>\n<meta property=\"og:title\" content=\"Autoservice Gerigk Kleve - Unsere Dienstleistungen im \u00dcberblick\" \/>\n<meta property=\"og:description\" content=\"Dienstleistungen Autoservice Gerigk in Kleve: Inspektionen \/ HU\/AU \/ Klimaservice \/ Glasschaden \/ Unfallinstandsetzung \/ Reifen-Service - TERMIN machen!\" \/>\n<meta property=\"og:url\" content=\"https:\/\/www.auto-dienst-kleve.de\/startseite\/\" \/>\n<meta property=\"og:site_name\" content=\"Autoservice Gerigk\" \/>\n<meta property=\"article:publisher\" content=\"https:\/\/de-de.facebook.com\/AutoserviceGerigk\" \/>\n<meta property=\"article:modified_time\" content=\"2020-04-21T11:00:55+00:00\" \/>\n<meta property=\"og:image\" content=\"https:\/\/auto-dienst-kleve.de\/bilder\/oel.png\" \/>\n<meta name=\"twitter:card\" content=\"summary_large_image\" \/>\n<meta name=\"twitter:label1\" content=\"Gesch\u00e4tzte Lesezeit\" \/>\n\t<meta name=\"twitter:data1\" content=\"1\u00a0Minute\" \/>\n<script type=\"application\/ld+json\" class=\"yoast-schema-graph\">{\"@context\":\"https:\/\/schema.org\",\"@graph\":[{\"@type\":\"WebSite\",\"@id\":\"https:\/\/www.auto-dienst-kleve.de\/startseite\/#website\",\"url\":\"https:\/\/www.auto-dienst-kleve.de\/startseite\/\",\"name\":\"Autoservice Gerigk\",\"description\":\"Autowerkstatt Kleve alle Marken\",\"potentialAction\":[{\"@type\":\"SearchAction\",\"target\":{\"@type\":\"EntryPoint\",\"urlTemplate\":\"https:\/\/www.auto-dienst-kleve.de\/startseite\/?s={search_term_string}\"},\"query-input\":\"required name=search_term_string\"}],\"inLanguage\":\"de\"},{\"@type\":\"ImageObject\",\"inLanguage\":\"de\",\"@id\":\"https:\/\/www.auto-dienst-kleve.de\/startseite\/#primaryimage\",\"url\":\"https:\/\/auto-dienst-kleve.de\/bilder\/oel.png\",\"contentUrl\":\"https:\/\/auto-dienst-kleve.de\/bilder\/oel.png\"},{\"@type\":\"WebPage\",\"@id\":\"https:\/\/www.auto-dienst-kleve.de\/startseite\/#webpage\",\"url\":\"https:\/\/www.auto-dienst-kleve.de\/startseite\/\",\"name\":\"Autoservice Gerigk Kleve - Unsere Dienstleistungen im \u00dcberblick\",\"isPartOf\":{\"@id\":\"https:\/\/www.auto-dienst-kleve.de\/startseite\/#website\"},\"primaryImageOfPage\":{\"@id\":\"https:\/\/www.auto-dienst-kleve.de\/startseite\/#primaryimage\"},\"datePublished\":\"2020-02-12T16:28:45+00:00\",\"dateModified\":\"2020-04-21T11:00:55+00:00\",\"description\":\"Dienstleistungen Autoservice Gerigk in Kleve: Inspektionen \/ HU\/AU \/ Klimaservice \/ Glasschaden \/ Unfallinstandsetzung \/ Reifen-Service - TERMIN machen!\",\"breadcrumb\":{\"@id\":\"https:\/\/www.auto-dienst-kleve.de\/startseite\/#breadcrumb\"},\"inLanguage\":\"de\",\"potentialAction\":[{\"@type\":\"ReadAction\",\"target\":[\"https:\/\/www.auto-dienst-kleve.de\/startseite\/\"]}]},{\"@type\":\"BreadcrumbList\",\"@id\":\"https:\/\/www.auto-dienst-kleve.de\/startseite\/#breadcrumb\",\"itemListElement\":[{\"@type\":\"ListItem\",\"position\":1,\"name\":\"Startseite\",\"item\":\"https:\/\/www.auto-dienst-kleve.de\/startseite\/\"},{\"@type\":\"ListItem\",\"position\":2,\"name\":\"Unsere Dienstleistungen im \u00dcberblick\"}]}]}<\/script>\n<!-- \/ Yoast SEO plugin. -->","yoast_head_json":{"title":"Autoservice Gerigk Kleve - Unsere Dienstleistungen im \u00dcberblick","description":"Dienstleistungen Autoservice Gerigk in Kleve: Inspektionen \/ HU\/AU \/ Klimaservice \/ Glasschaden \/ Unfallinstandsetzung \/ Reifen-Service - TERMIN machen!","robots":{"index":"index","follow":"follow","max-snippet":"max-snippet:-1","max-image-preview":"max-image-preview:large","max-video-preview":"max-video-preview:-1"},"canonical":"https:\/\/www.auto-dienst-kleve.de\/startseite\/","og_locale":"de_DE","og_type":"article","og_title":"Autoservice Gerigk Kleve - Unsere Dienstleistungen im \u00dcberblick","og_description":"Dienstleistungen Autoservice Gerigk in Kleve: Inspektionen \/ HU\/AU \/ Klimaservice \/ Glasschaden \/ Unfallinstandsetzung \/ Reifen-Service - TERMIN machen!","og_url":"https:\/\/www.auto-dienst-kleve.de\/startseite\/","og_site_name":"Autoservice Gerigk","article_publisher":"https:\/\/de-de.facebook.com\/AutoserviceGerigk","article_modified_time":"2020-04-21T11:00:55+00:00","og_image":[{"url":"https:\/\/auto-dienst-kleve.de\/bilder\/oel.png"}],"twitter_card":"summary_large_image","twitter_misc":{"Gesch\u00e4tzte Lesezeit":"1\u00a0Minute"},"schema":{"@context":"https:\/\/schema.org","@graph":[{"@type":"WebSite","@id":"https:\/\/www.auto-dienst-kleve.de\/startseite\/#website","url":"https:\/\/www.auto-dienst-kleve.de\/startseite\/","name":"Autoservice Gerigk","description":"Autowerkstatt Kleve alle Marken","potentialAction":[{"@type":"SearchAction","target":{"@type":"EntryPoint","urlTemplate":"https:\/\/www.auto-dienst-kleve.de\/startseite\/?s={search_term_string}"},"query-input":"required name=search_term_string"}],"inLanguage":"de"},{"@type":"ImageObject","inLanguage":"de","@id":"https:\/\/www.auto-dienst-kleve.de\/startseite\/#primaryimage","url":"https:\/\/auto-dienst-kleve.de\/bilder\/oel.png","contentUrl":"https:\/\/auto-dienst-kleve.de\/bilder\/oel.png"},{"@type":"WebPage","@id":"https:\/\/www.auto-dienst-kleve.de\/startseite\/#webpage","url":"https:\/\/www.auto-dienst-kleve.de\/startseite\/","name":"Autoservice Gerigk Kleve - Unsere Dienstleistungen im \u00dcberblick","isPartOf":{"@id":"https:\/\/www.auto-dienst-kleve.de\/startseite\/#website"},"primaryImageOfPage":{"@id":"https:\/\/www.auto-dienst-kleve.de\/startseite\/#primaryimage"},"datePublished":"2020-02-12T16:28:45+00:00","dateModified":"2020-04-21T11:00:55+00:00","description":"Dienstleistungen Autoservice Gerigk in Kleve: Inspektionen \/ HU\/AU \/ Klimaservice \/ Glasschaden \/ Unfallinstandsetzung \/ Reifen-Service - TERMIN machen!","breadcrumb":{"@id":"https:\/\/www.auto-dienst-kleve.de\/startseite\/#breadcrumb"},"inLanguage":"de","potentialAction":[{"@type":"ReadAction","target":["https:\/\/www.auto-dienst-kleve.de\/startseite\/"]}]},{"@type":"BreadcrumbList","@id":"https:\/\/www.auto-dienst-kleve.de\/startseite\/#breadcrumb","itemListElement":[{"@type":"ListItem","position":1,"name":"Startseite","item":"https:\/\/www.auto-dienst-kleve.de\/startseite\/"},{"@type":"ListItem","position":2,"name":"Unsere Dienstleistungen im \u00dcberblick"}]}]}},"_links":{"self":[{"href":"https:\/\/www.auto-dienst-kleve.de\/startseite\/wp-json\/wp\/v2\/pages\/84"}],"collection":[{"href":"https:\/\/www.auto-dienst-kleve.de\/startseite\/wp-json\/wp\/v2\/pages"}],"about":[{"href":"https:\/\/www.auto-dienst-kleve.de\/startseite\/wp-json\/wp\/v2\/types\/page"}],"author":[{"embeddable":true,"href":"https:\/\/www.auto-dienst-kleve.de\/startseite\/wp-json\/wp\/v2\/users\/1"}],"replies":[{"embeddable":true,"href":"https:\/\/www.auto-dienst-kleve.de\/startseite\/wp-json\/wp\/v2\/comments?post=84"}],"version-history":[{"count":47,"href":"https:\/\/www.auto-dienst-kleve.de\/startseite\/wp-json\/wp\/v2\/pages\/84\/revisions"}],"predecessor-version":[{"id":101,"href":"https:\/\/www.auto-dienst-kleve.de\/startseite\/wp-json\/wp\/v2\/pages\/84\/revisions\/101"}],"wp:attachment":[{"href":"https:\/\/www.auto-dienst-kleve.de\/startseite\/wp-json\/wp\/v2\/media?parent=84"}],"curies":[{"name":"wp","href":"https:\/\/api.w.org\/{rel}","templated":true}]}}