{"id":26,"date":"2020-01-31T11:04:57","date_gmt":"2020-01-31T10:04:57","guid":{"rendered":"http:\/\/www.auto-dienst-kleve.de\/?page_id=26"},"modified":"2020-02-19T16:56:36","modified_gmt":"2020-02-19T15:56:36","slug":"reifen-service","status":"publish","type":"page","link":"https:\/\/www.auto-dienst-kleve.de\/startseite\/reifen-service\/","title":{"rendered":"Reifen-Service"},"content":{"rendered":"<p>Wir montieren Reifen von 12 bis 26 Zoll und haben die meisten g\u00e4ngigen Reifengr\u00f6\u00dfen kurzfristig f\u00fcr Sie verf\u00fcgbar. Fragen Sie uns nach einem Angebot.<br \/>\nWenn es zu einem Ungl\u00fcck kommt und der Reifen platt ist, versuchen wir diesen gerne schnellstm\u00f6glich f\u00fcr Sie zu reparieren.<\/p>\n<p><img src=\"https:\/\/www.auto-dienst-kleve.de\/wp-content\/uploads\/2020\/02\/reifenservice-scaled.jpg\" alt=\"\" width=\"400\" class=\"alignnone size-full wp-image-223\" srcset=\"https:\/\/www.auto-dienst-kleve.de\/wp-content\/uploads\/2020\/02\/reifenservice-scaled.jpg 1920w, https:\/\/www.auto-dienst-kleve.de\/wp-content\/uploads\/2020\/02\/reifenservice-225x300.jpg 225w, https:\/\/www.auto-dienst-kleve.de\/wp-content\/uploads\/2020\/02\/reifenservice-768x1024.jpg 768w, https:\/\/www.auto-dienst-kleve.de\/wp-content\/uploads\/2020\/02\/reifenservice-1152x1536.jpg 1152w, https:\/\/www.auto-dienst-kleve.de\/wp-content\/uploads\/2020\/02\/reifenservice-1536x2048.jpg 1536w\" sizes=\"(max-width: 1920px) 100vw, 1920px\" \/><\/p>\n<p>Desweiteren bieten wir Ihnen an:<br \/>\nReifen auswuchten<br \/>\nKomplettr\u00e4derwechsel<br \/>\nReifeneinlagerung (Verf\u00fcgbarkeit nach Reifeneinlagerungspl\u00e4tzen bitte vorab erfragen)<br \/>\nRDKS-Sensoren anlernen<\/p>\n<p>Sprechen Sie uns an, wenn wir Ihnen ein individuelles Angebot f\u00fcr Rad-\/Reifenkombinationen (Stahlfelgen und Alufelgen) machen d\u00fcrfen.<\/p>\n","protected":false},"excerpt":{"rendered":"<p>Wir montieren Reifen von 12 bis 26 Zoll und haben die meisten g\u00e4ngigen Reifengr\u00f6\u00dfen kurzfristig f\u00fcr Sie verf\u00fcgbar. Fragen Sie uns nach einem Angebot. Wenn es zu einem Ungl\u00fcck kommt und der Reifen platt ist, versuchen wir diesen gerne schnellstm\u00f6glich f\u00fcr Sie zu reparieren. Desweiteren bieten wir Ihnen an: Reifen auswuchten Komplettr\u00e4derwechsel Reifeneinlagerung (Verf\u00fcgbarkeit nach [&hellip;]<\/p>\n","protected":false},"author":1,"featured_media":0,"parent":0,"menu_order":0,"comment_status":"closed","ping_status":"closed","template":"","meta":[],"yoast_head":"<!-- This site is optimized with the Yoast SEO plugin v19.1 - https:\/\/yoast.com\/wordpress\/plugins\/seo\/ -->\n<title>Reifen-Service - Autoservice Gerigk<\/title>\n<meta name=\"description\" content=\"Reifenmontage, Komplettr\u00e4derwechsel, Reifeneinlagerung, Auswuchten, Reifenreparatur, RDKS, Individuelle Angebote f\u00fcr Felgen und Reifen\" \/>\n<meta name=\"robots\" content=\"index, follow, max-snippet:-1, max-image-preview:large, max-video-preview:-1\" \/>\n<link rel=\"canonical\" href=\"https:\/\/www.auto-dienst-kleve.de\/startseite\/reifen-service\/\" \/>\n<meta property=\"og:locale\" content=\"de_DE\" \/>\n<meta property=\"og:type\" content=\"article\" \/>\n<meta property=\"og:title\" content=\"Reifen-Service - Autoservice Gerigk\" \/>\n<meta property=\"og:description\" content=\"Reifenmontage, Komplettr\u00e4derwechsel, Reifeneinlagerung, Auswuchten, Reifenreparatur, RDKS, Individuelle Angebote f\u00fcr Felgen und Reifen\" \/>\n<meta property=\"og:url\" content=\"https:\/\/www.auto-dienst-kleve.de\/startseite\/reifen-service\/\" \/>\n<meta property=\"og:site_name\" content=\"Autoservice Gerigk\" \/>\n<meta property=\"article:publisher\" content=\"https:\/\/de-de.facebook.com\/AutoserviceGerigk\" \/>\n<meta property=\"article:modified_time\" content=\"2020-02-19T15:56:36+00:00\" \/>\n<meta property=\"og:image\" content=\"https:\/\/www.auto-dienst-kleve.de\/wp-content\/uploads\/2020\/02\/reifenservice-scaled.jpg\" \/>\n<meta name=\"twitter:card\" content=\"summary_large_image\" \/>\n<script type=\"application\/ld+json\" class=\"yoast-schema-graph\">{\"@context\":\"https:\/\/schema.org\",\"@graph\":[{\"@type\":\"WebSite\",\"@id\":\"https:\/\/www.auto-dienst-kleve.de\/startseite\/#website\",\"url\":\"https:\/\/www.auto-dienst-kleve.de\/startseite\/\",\"name\":\"Autoservice Gerigk\",\"description\":\"Autowerkstatt Kleve alle Marken\",\"potentialAction\":[{\"@type\":\"SearchAction\",\"target\":{\"@type\":\"EntryPoint\",\"urlTemplate\":\"https:\/\/www.auto-dienst-kleve.de\/startseite\/?s={search_term_string}\"},\"query-input\":\"required name=search_term_string\"}],\"inLanguage\":\"de\"},{\"@type\":\"ImageObject\",\"inLanguage\":\"de\",\"@id\":\"https:\/\/www.auto-dienst-kleve.de\/startseite\/reifen-service\/#primaryimage\",\"url\":\"https:\/\/www.auto-dienst-kleve.de\/wp-content\/uploads\/2020\/02\/reifenservice-scaled.jpg\",\"contentUrl\":\"https:\/\/www.auto-dienst-kleve.de\/wp-content\/uploads\/2020\/02\/reifenservice-scaled.jpg\",\"width\":1920,\"height\":2560},{\"@type\":\"WebPage\",\"@id\":\"https:\/\/www.auto-dienst-kleve.de\/startseite\/reifen-service\/#webpage\",\"url\":\"https:\/\/www.auto-dienst-kleve.de\/startseite\/reifen-service\/\",\"name\":\"Reifen-Service - Autoservice Gerigk\",\"isPartOf\":{\"@id\":\"https:\/\/www.auto-dienst-kleve.de\/startseite\/#website\"},\"primaryImageOfPage\":{\"@id\":\"https:\/\/www.auto-dienst-kleve.de\/startseite\/reifen-service\/#primaryimage\"},\"datePublished\":\"2020-01-31T10:04:57+00:00\",\"dateModified\":\"2020-02-19T15:56:36+00:00\",\"description\":\"Reifenmontage, Komplettr\u00e4derwechsel, Reifeneinlagerung, Auswuchten, Reifenreparatur, RDKS, Individuelle Angebote f\u00fcr Felgen und Reifen\",\"breadcrumb\":{\"@id\":\"https:\/\/www.auto-dienst-kleve.de\/startseite\/reifen-service\/#breadcrumb\"},\"inLanguage\":\"de\",\"potentialAction\":[{\"@type\":\"ReadAction\",\"target\":[\"https:\/\/www.auto-dienst-kleve.de\/startseite\/reifen-service\/\"]}]},{\"@type\":\"BreadcrumbList\",\"@id\":\"https:\/\/www.auto-dienst-kleve.de\/startseite\/reifen-service\/#breadcrumb\",\"itemListElement\":[{\"@type\":\"ListItem\",\"position\":1,\"name\":\"Startseite\",\"item\":\"https:\/\/www.auto-dienst-kleve.de\/startseite\/\"},{\"@type\":\"ListItem\",\"position\":2,\"name\":\"Reifen-Service\"}]}]}<\/script>\n<!-- \/ Yoast SEO plugin. -->","yoast_head_json":{"title":"Reifen-Service - Autoservice Gerigk","description":"Reifenmontage, Komplettr\u00e4derwechsel, Reifeneinlagerung, Auswuchten, Reifenreparatur, RDKS, Individuelle Angebote f\u00fcr Felgen und Reifen","robots":{"index":"index","follow":"follow","max-snippet":"max-snippet:-1","max-image-preview":"max-image-preview:large","max-video-preview":"max-video-preview:-1"},"canonical":"https:\/\/www.auto-dienst-kleve.de\/startseite\/reifen-service\/","og_locale":"de_DE","og_type":"article","og_title":"Reifen-Service - Autoservice Gerigk","og_description":"Reifenmontage, Komplettr\u00e4derwechsel, Reifeneinlagerung, Auswuchten, Reifenreparatur, RDKS, Individuelle Angebote f\u00fcr Felgen und Reifen","og_url":"https:\/\/www.auto-dienst-kleve.de\/startseite\/reifen-service\/","og_site_name":"Autoservice Gerigk","article_publisher":"https:\/\/de-de.facebook.com\/AutoserviceGerigk","article_modified_time":"2020-02-19T15:56:36+00:00","og_image":[{"url":"https:\/\/www.auto-dienst-kleve.de\/wp-content\/uploads\/2020\/02\/reifenservice-scaled.jpg"}],"twitter_card":"summary_large_image","schema":{"@context":"https:\/\/schema.org","@graph":[{"@type":"WebSite","@id":"https:\/\/www.auto-dienst-kleve.de\/startseite\/#website","url":"https:\/\/www.auto-dienst-kleve.de\/startseite\/","name":"Autoservice Gerigk","description":"Autowerkstatt Kleve alle Marken","potentialAction":[{"@type":"SearchAction","target":{"@type":"EntryPoint","urlTemplate":"https:\/\/www.auto-dienst-kleve.de\/startseite\/?s={search_term_string}"},"query-input":"required name=search_term_string"}],"inLanguage":"de"},{"@type":"ImageObject","inLanguage":"de","@id":"https:\/\/www.auto-dienst-kleve.de\/startseite\/reifen-service\/#primaryimage","url":"https:\/\/www.auto-dienst-kleve.de\/wp-content\/uploads\/2020\/02\/reifenservice-scaled.jpg","contentUrl":"https:\/\/www.auto-dienst-kleve.de\/wp-content\/uploads\/2020\/02\/reifenservice-scaled.jpg","width":1920,"height":2560},{"@type":"WebPage","@id":"https:\/\/www.auto-dienst-kleve.de\/startseite\/reifen-service\/#webpage","url":"https:\/\/www.auto-dienst-kleve.de\/startseite\/reifen-service\/","name":"Reifen-Service - Autoservice Gerigk","isPartOf":{"@id":"https:\/\/www.auto-dienst-kleve.de\/startseite\/#website"},"primaryImageOfPage":{"@id":"https:\/\/www.auto-dienst-kleve.de\/startseite\/reifen-service\/#primaryimage"},"datePublished":"2020-01-31T10:04:57+00:00","dateModified":"2020-02-19T15:56:36+00:00","description":"Reifenmontage, Komplettr\u00e4derwechsel, Reifeneinlagerung, Auswuchten, Reifenreparatur, RDKS, Individuelle Angebote f\u00fcr Felgen und Reifen","breadcrumb":{"@id":"https:\/\/www.auto-dienst-kleve.de\/startseite\/reifen-service\/#breadcrumb"},"inLanguage":"de","potentialAction":[{"@type":"ReadAction","target":["https:\/\/www.auto-dienst-kleve.de\/startseite\/reifen-service\/"]}]},{"@type":"BreadcrumbList","@id":"https:\/\/www.auto-dienst-kleve.de\/startseite\/reifen-service\/#breadcrumb","itemListElement":[{"@type":"ListItem","position":1,"name":"Startseite","item":"https:\/\/www.auto-dienst-kleve.de\/startseite\/"},{"@type":"ListItem","position":2,"name":"Reifen-Service"}]}]}},"_links":{"self":[{"href":"https:\/\/www.auto-dienst-kleve.de\/startseite\/wp-json\/wp\/v2\/pages\/26"}],"collection":[{"href":"https:\/\/www.auto-dienst-kleve.de\/startseite\/wp-json\/wp\/v2\/pages"}],"about":[{"href":"https:\/\/www.auto-dienst-kleve.de\/startseite\/wp-json\/wp\/v2\/types\/page"}],"author":[{"embeddable":true,"href":"https:\/\/www.auto-dienst-kleve.de\/startseite\/wp-json\/wp\/v2\/users\/1"}],"replies":[{"embeddable":true,"href":"https:\/\/www.auto-dienst-kleve.de\/startseite\/wp-json\/wp\/v2\/comments?post=26"}],"version-history":[{"count":11,"href":"https:\/\/www.auto-dienst-kleve.de\/startseite\/wp-json\/wp\/v2\/pages\/26\/revisions"}],"predecessor-version":[{"id":229,"href":"https:\/\/www.auto-dienst-kleve.de\/startseite\/wp-json\/wp\/v2\/pages\/26\/revisions\/229"}],"wp:attachment":[{"href":"https:\/\/www.auto-dienst-kleve.de\/startseite\/wp-json\/wp\/v2\/media?parent=26"}],"curies":[{"name":"wp","href":"https:\/\/api.w.org\/{rel}","templated":true}]}}