{"id":255,"date":"2020-04-08T12:00:42","date_gmt":"2020-04-08T10:00:42","guid":{"rendered":"https:\/\/www.auto-dienst-kleve.de\/startseite\/?page_id=255"},"modified":"2020-04-08T13:02:27","modified_gmt":"2020-04-08T11:02:27","slug":"reparaturkostenfinanzierung","status":"publish","type":"page","link":"https:\/\/www.auto-dienst-kleve.de\/startseite\/reparaturkostenfinanzierung\/","title":{"rendered":"Reparaturkostenfinanzierung"},"content":{"rendered":"<p>Notwendige Reparaturen kommen meist unverhofft und ungeplant.<\/p>\n<p>Um auf jeden Fall mobil zu bleiben, k\u00f6nnen wir Ihnen mit einem starken Partner an unserer Seite die Finanzierung der Reparatur Ihres Fahrzeugs anbieten.<\/p>\n<p>Konditionen:<br \/>\nBis zu einem Rechnungsbetrag von 4000,00\u20ac bis zu zw\u00f6lf Monate zinsfrei bei einer monatlichen Rate von 1% des Rechnungsbetrags (mindestens 10,00\u20ac).*<\/p>\n<p>Sofortentscheidung vor Ort, einfache Beantragung online. Sprechen Sie uns an!<\/p>\n<p>Dieses Angebot gilt auch f\u00fcr Autozubeh\u00f6r, beispielsweise Alufelgen, Anh\u00e4ngerkupplungen oder \u00e4hnliches.<\/p>\n<p><font size=\"-75%\">* Bonit\u00e4t vorausgesetzt. Einmalige Servicepauschale in H\u00f6he von 15,00 bei Abschluss f\u00e4llig.<\/font><\/p>\n","protected":false},"excerpt":{"rendered":"<p>Notwendige Reparaturen kommen meist unverhofft und ungeplant. Um auf jeden Fall mobil zu bleiben, k\u00f6nnen wir Ihnen mit einem starken Partner an unserer Seite die Finanzierung der Reparatur Ihres Fahrzeugs anbieten. Konditionen: Bis zu einem Rechnungsbetrag von 4000,00\u20ac bis zu zw\u00f6lf Monate zinsfrei bei einer monatlichen Rate von 1% des Rechnungsbetrags (mindestens 10,00\u20ac).* Sofortentscheidung vor [&hellip;]<\/p>\n","protected":false},"author":1,"featured_media":0,"parent":0,"menu_order":0,"comment_status":"closed","ping_status":"closed","template":"","meta":[],"yoast_head":"<!-- This site is optimized with the Yoast SEO plugin v19.1 - https:\/\/yoast.com\/wordpress\/plugins\/seo\/ -->\n<title>Reparaturkostenfinanzierung - Autoservice Gerigk<\/title>\n<meta name=\"robots\" content=\"index, follow, max-snippet:-1, max-image-preview:large, max-video-preview:-1\" \/>\n<link rel=\"canonical\" href=\"https:\/\/www.auto-dienst-kleve.de\/startseite\/reparaturkostenfinanzierung\/\" \/>\n<meta property=\"og:locale\" content=\"de_DE\" \/>\n<meta property=\"og:type\" content=\"article\" \/>\n<meta property=\"og:title\" content=\"Reparaturkostenfinanzierung - Autoservice Gerigk\" \/>\n<meta property=\"og:description\" content=\"Notwendige Reparaturen kommen meist unverhofft und ungeplant. Um auf jeden Fall mobil zu bleiben, k\u00f6nnen wir Ihnen mit einem starken Partner an unserer Seite die Finanzierung der Reparatur Ihres Fahrzeugs anbieten. Konditionen: Bis zu einem Rechnungsbetrag von 4000,00\u20ac bis zu zw\u00f6lf Monate zinsfrei bei einer monatlichen Rate von 1% des Rechnungsbetrags (mindestens 10,00\u20ac).* Sofortentscheidung vor [&hellip;]\" \/>\n<meta property=\"og:url\" content=\"https:\/\/www.auto-dienst-kleve.de\/startseite\/reparaturkostenfinanzierung\/\" \/>\n<meta property=\"og:site_name\" content=\"Autoservice Gerigk\" \/>\n<meta property=\"article:publisher\" content=\"https:\/\/de-de.facebook.com\/AutoserviceGerigk\" \/>\n<meta property=\"article:modified_time\" content=\"2020-04-08T11:02:27+00:00\" \/>\n<meta name=\"twitter:card\" content=\"summary_large_image\" \/>\n<script type=\"application\/ld+json\" class=\"yoast-schema-graph\">{\"@context\":\"https:\/\/schema.org\",\"@graph\":[{\"@type\":\"WebSite\",\"@id\":\"https:\/\/www.auto-dienst-kleve.de\/startseite\/#website\",\"url\":\"https:\/\/www.auto-dienst-kleve.de\/startseite\/\",\"name\":\"Autoservice Gerigk\",\"description\":\"Autowerkstatt Kleve alle Marken\",\"potentialAction\":[{\"@type\":\"SearchAction\",\"target\":{\"@type\":\"EntryPoint\",\"urlTemplate\":\"https:\/\/www.auto-dienst-kleve.de\/startseite\/?s={search_term_string}\"},\"query-input\":\"required name=search_term_string\"}],\"inLanguage\":\"de\"},{\"@type\":\"WebPage\",\"@id\":\"https:\/\/www.auto-dienst-kleve.de\/startseite\/reparaturkostenfinanzierung\/#webpage\",\"url\":\"https:\/\/www.auto-dienst-kleve.de\/startseite\/reparaturkostenfinanzierung\/\",\"name\":\"Reparaturkostenfinanzierung - Autoservice Gerigk\",\"isPartOf\":{\"@id\":\"https:\/\/www.auto-dienst-kleve.de\/startseite\/#website\"},\"datePublished\":\"2020-04-08T10:00:42+00:00\",\"dateModified\":\"2020-04-08T11:02:27+00:00\",\"breadcrumb\":{\"@id\":\"https:\/\/www.auto-dienst-kleve.de\/startseite\/reparaturkostenfinanzierung\/#breadcrumb\"},\"inLanguage\":\"de\",\"potentialAction\":[{\"@type\":\"ReadAction\",\"target\":[\"https:\/\/www.auto-dienst-kleve.de\/startseite\/reparaturkostenfinanzierung\/\"]}]},{\"@type\":\"BreadcrumbList\",\"@id\":\"https:\/\/www.auto-dienst-kleve.de\/startseite\/reparaturkostenfinanzierung\/#breadcrumb\",\"itemListElement\":[{\"@type\":\"ListItem\",\"position\":1,\"name\":\"Startseite\",\"item\":\"https:\/\/www.auto-dienst-kleve.de\/startseite\/\"},{\"@type\":\"ListItem\",\"position\":2,\"name\":\"Reparaturkostenfinanzierung\"}]}]}<\/script>\n<!-- \/ Yoast SEO plugin. -->","yoast_head_json":{"title":"Reparaturkostenfinanzierung - Autoservice Gerigk","robots":{"index":"index","follow":"follow","max-snippet":"max-snippet:-1","max-image-preview":"max-image-preview:large","max-video-preview":"max-video-preview:-1"},"canonical":"https:\/\/www.auto-dienst-kleve.de\/startseite\/reparaturkostenfinanzierung\/","og_locale":"de_DE","og_type":"article","og_title":"Reparaturkostenfinanzierung - Autoservice Gerigk","og_description":"Notwendige Reparaturen kommen meist unverhofft und ungeplant. Um auf jeden Fall mobil zu bleiben, k\u00f6nnen wir Ihnen mit einem starken Partner an unserer Seite die Finanzierung der Reparatur Ihres Fahrzeugs anbieten. Konditionen: Bis zu einem Rechnungsbetrag von 4000,00\u20ac bis zu zw\u00f6lf Monate zinsfrei bei einer monatlichen Rate von 1% des Rechnungsbetrags (mindestens 10,00\u20ac).* Sofortentscheidung vor [&hellip;]","og_url":"https:\/\/www.auto-dienst-kleve.de\/startseite\/reparaturkostenfinanzierung\/","og_site_name":"Autoservice Gerigk","article_publisher":"https:\/\/de-de.facebook.com\/AutoserviceGerigk","article_modified_time":"2020-04-08T11:02:27+00:00","twitter_card":"summary_large_image","schema":{"@context":"https:\/\/schema.org","@graph":[{"@type":"WebSite","@id":"https:\/\/www.auto-dienst-kleve.de\/startseite\/#website","url":"https:\/\/www.auto-dienst-kleve.de\/startseite\/","name":"Autoservice Gerigk","description":"Autowerkstatt Kleve alle Marken","potentialAction":[{"@type":"SearchAction","target":{"@type":"EntryPoint","urlTemplate":"https:\/\/www.auto-dienst-kleve.de\/startseite\/?s={search_term_string}"},"query-input":"required name=search_term_string"}],"inLanguage":"de"},{"@type":"WebPage","@id":"https:\/\/www.auto-dienst-kleve.de\/startseite\/reparaturkostenfinanzierung\/#webpage","url":"https:\/\/www.auto-dienst-kleve.de\/startseite\/reparaturkostenfinanzierung\/","name":"Reparaturkostenfinanzierung - Autoservice Gerigk","isPartOf":{"@id":"https:\/\/www.auto-dienst-kleve.de\/startseite\/#website"},"datePublished":"2020-04-08T10:00:42+00:00","dateModified":"2020-04-08T11:02:27+00:00","breadcrumb":{"@id":"https:\/\/www.auto-dienst-kleve.de\/startseite\/reparaturkostenfinanzierung\/#breadcrumb"},"inLanguage":"de","potentialAction":[{"@type":"ReadAction","target":["https:\/\/www.auto-dienst-kleve.de\/startseite\/reparaturkostenfinanzierung\/"]}]},{"@type":"BreadcrumbList","@id":"https:\/\/www.auto-dienst-kleve.de\/startseite\/reparaturkostenfinanzierung\/#breadcrumb","itemListElement":[{"@type":"ListItem","position":1,"name":"Startseite","item":"https:\/\/www.auto-dienst-kleve.de\/startseite\/"},{"@type":"ListItem","position":2,"name":"Reparaturkostenfinanzierung"}]}]}},"_links":{"self":[{"href":"https:\/\/www.auto-dienst-kleve.de\/startseite\/wp-json\/wp\/v2\/pages\/255"}],"collection":[{"href":"https:\/\/www.auto-dienst-kleve.de\/startseite\/wp-json\/wp\/v2\/pages"}],"about":[{"href":"https:\/\/www.auto-dienst-kleve.de\/startseite\/wp-json\/wp\/v2\/types\/page"}],"author":[{"embeddable":true,"href":"https:\/\/www.auto-dienst-kleve.de\/startseite\/wp-json\/wp\/v2\/users\/1"}],"replies":[{"embeddable":true,"href":"https:\/\/www.auto-dienst-kleve.de\/startseite\/wp-json\/wp\/v2\/comments?post=255"}],"version-history":[{"count":5,"href":"https:\/\/www.auto-dienst-kleve.de\/startseite\/wp-json\/wp\/v2\/pages\/255\/revisions"}],"predecessor-version":[{"id":260,"href":"https:\/\/www.auto-dienst-kleve.de\/startseite\/wp-json\/wp\/v2\/pages\/255\/revisions\/260"}],"wp:attachment":[{"href":"https:\/\/www.auto-dienst-kleve.de\/startseite\/wp-json\/wp\/v2\/media?parent=255"}],"curies":[{"name":"wp","href":"https:\/\/api.w.org\/{rel}","templated":true}]}}