{"id":22,"date":"2020-01-31T11:05:05","date_gmt":"2020-01-31T10:05:05","guid":{"rendered":"http:\/\/www.auto-dienst-kleve.de\/?page_id=22"},"modified":"2020-04-17T11:51:39","modified_gmt":"2020-04-17T09:51:39","slug":"klimaservicekleve","status":"publish","type":"page","link":"https:\/\/www.auto-dienst-kleve.de\/startseite\/klimaservicekleve\/","title":{"rendered":"Klimaservice"},"content":{"rendered":"<p>Der Sommer kommt und es wird hei\u00df. Oft k\u00fchlt die Klimaanlage das Fahrzeug nicht mehr ausreichend hinunter.<br \/>\nDann ist es Zeit f\u00fcr einen Klimaservice. Mit der Zeit verfliegt das Klimak\u00e4ltemittel, es gibt zwei Ausf\u00fchrungen:<\/p>\n<p>&#8211; <a href=\"https:\/\/de.wikipedia.org\/wiki\/1,1,1,2-Tetrafluorethan\" rel=\"noopener noreferrer\" target=\"_blank\">R134A<\/a> (g\u00e4ngigste Variante)<br \/>\nund<br \/>\n&#8211; <a href=\"https:\/\/de.wikipedia.org\/wiki\/2,3,3,3-Tetrafluorpropen\" rel=\"noopener noreferrer\" target=\"_blank\">R1234Yf<\/a> (neuere Fahrzeuge)<\/p>\n<p>Zus\u00e4tzlich zum Klimaservice fallen Kosten f\u00fcr das K\u00e4ltemittel (gewichts- und sortenabh\u00e4ngig), das Klimakompressor\u00f6l und das UV-Lecksuchmittel an.<br \/>\nDer Vorteil des UV-Lecksuchmittels liegt ganz klar auf der Hand, sollte eine Besch\u00e4digung im K\u00fchlkreislauf vorliegen so k\u00f6nnen wir diese sehr einfach ausfindig machen.<br \/>\nIn den meisten F\u00e4llen wir der Klimakondensator durch einen Steinschlag besch\u00e4digt. An dieser Stelle tritt das gasf\u00f6rmige K\u00e4ltemittel aus und die Aircondition funktioniert daher nicht mehr richtig.<\/p>\n<p>Bitte planen Sie f\u00fcr einen sorgf\u00e4ltig durchgef\u00fchrten Klimaservice 1,5 bis 2 Stunden Zeit ein. Wir bitten daher darum, bevor Sie zu uns kommen einen <a href=\"https:\/\/www.auto-dienst-kleve.de\/startseite\/kontakt\/\">Termin<\/a> mit uns abzustimmen. Sie erreichen uns per Email, telefonisch oder gerne auch auf Whatsapp.<\/p>\n<div id=\"attachment_299\" style=\"width: 235px\" class=\"wp-caption alignnone\"><img aria-describedby=\"caption-attachment-299\" src=\"https:\/\/www.auto-dienst-kleve.de\/wp-content\/uploads\/2020\/04\/20200416_082347-225x300.jpg\" alt=\"Klimaservice Kleve\" width=\"225\" height=\"300\" class=\"size-medium wp-image-299\" srcset=\"https:\/\/www.auto-dienst-kleve.de\/wp-content\/uploads\/2020\/04\/20200416_082347-225x300.jpg 225w, https:\/\/www.auto-dienst-kleve.de\/wp-content\/uploads\/2020\/04\/20200416_082347-768x1024.jpg 768w, https:\/\/www.auto-dienst-kleve.de\/wp-content\/uploads\/2020\/04\/20200416_082347-1152x1536.jpg 1152w, https:\/\/www.auto-dienst-kleve.de\/wp-content\/uploads\/2020\/04\/20200416_082347-1536x2048.jpg 1536w, https:\/\/www.auto-dienst-kleve.de\/wp-content\/uploads\/2020\/04\/20200416_082347-scaled.jpg 1920w\" sizes=\"(max-width: 225px) 100vw, 225px\" \/><p id=\"caption-attachment-299\" class=\"wp-caption-text\">Klimaservice Kleve<\/p><\/div>\n","protected":false},"excerpt":{"rendered":"<p>Der Sommer kommt und es wird hei\u00df. Oft k\u00fchlt die Klimaanlage das Fahrzeug nicht mehr ausreichend hinunter. Dann ist es Zeit f\u00fcr einen Klimaservice. Mit der Zeit verfliegt das Klimak\u00e4ltemittel, es gibt zwei Ausf\u00fchrungen: &#8211; R134A (g\u00e4ngigste Variante) und &#8211; R1234Yf (neuere Fahrzeuge) Zus\u00e4tzlich zum Klimaservice fallen Kosten f\u00fcr das K\u00e4ltemittel (gewichts- und sortenabh\u00e4ngig), das [&hellip;]<\/p>\n","protected":false},"author":1,"featured_media":0,"parent":0,"menu_order":0,"comment_status":"closed","ping_status":"closed","template":"","meta":[],"yoast_head":"<!-- This site is optimized with the Yoast SEO plugin v19.1 - https:\/\/yoast.com\/wordpress\/plugins\/seo\/ -->\n<title>Klimaservice Kleve R134A &amp; R1234Yf - Autoservice Gerigk<\/title>\n<meta name=\"description\" content=\"Klimaanlage Aircondition k\u00fchlt nicht mehr? \u2749 Jetzt Klimaservice in Kleve machen. F\u00fcr alle Fahrzeuge gut &amp; g\u00fcnstig! Direkt Termin vereinbaren! \u2749\" \/>\n<meta name=\"robots\" content=\"index, follow, max-snippet:-1, max-image-preview:large, max-video-preview:-1\" \/>\n<link rel=\"canonical\" href=\"https:\/\/www.auto-dienst-kleve.de\/startseite\/klimaservicekleve\/\" \/>\n<meta property=\"og:locale\" content=\"de_DE\" \/>\n<meta property=\"og:type\" content=\"article\" \/>\n<meta property=\"og:title\" content=\"Klimaservice Kleve R134A &amp; R1234Yf - Autoservice Gerigk\" \/>\n<meta property=\"og:description\" content=\"Klimaanlage Aircondition k\u00fchlt nicht mehr? \u2749 Jetzt Klimaservice in Kleve machen. F\u00fcr alle Fahrzeuge gut &amp; g\u00fcnstig! Direkt Termin vereinbaren! \u2749\" \/>\n<meta property=\"og:url\" content=\"https:\/\/www.auto-dienst-kleve.de\/startseite\/klimaservicekleve\/\" \/>\n<meta property=\"og:site_name\" content=\"Autoservice Gerigk\" \/>\n<meta property=\"article:publisher\" content=\"https:\/\/de-de.facebook.com\/AutoserviceGerigk\" \/>\n<meta property=\"article:modified_time\" content=\"2020-04-17T09:51:39+00:00\" \/>\n<meta property=\"og:image\" content=\"https:\/\/www.auto-dienst-kleve.de\/wp-content\/uploads\/2020\/04\/20200416_082347-225x300.jpg\" \/>\n<meta name=\"twitter:card\" content=\"summary_large_image\" \/>\n<meta name=\"twitter:label1\" content=\"Gesch\u00e4tzte Lesezeit\" \/>\n\t<meta name=\"twitter:data1\" content=\"1\u00a0Minute\" \/>\n<script type=\"application\/ld+json\" class=\"yoast-schema-graph\">{\"@context\":\"https:\/\/schema.org\",\"@graph\":[{\"@type\":\"WebSite\",\"@id\":\"https:\/\/www.auto-dienst-kleve.de\/startseite\/#website\",\"url\":\"https:\/\/www.auto-dienst-kleve.de\/startseite\/\",\"name\":\"Autoservice Gerigk\",\"description\":\"Autowerkstatt Kleve alle Marken\",\"potentialAction\":[{\"@type\":\"SearchAction\",\"target\":{\"@type\":\"EntryPoint\",\"urlTemplate\":\"https:\/\/www.auto-dienst-kleve.de\/startseite\/?s={search_term_string}\"},\"query-input\":\"required name=search_term_string\"}],\"inLanguage\":\"de\"},{\"@type\":\"ImageObject\",\"inLanguage\":\"de\",\"@id\":\"https:\/\/www.auto-dienst-kleve.de\/startseite\/klimaservicekleve\/#primaryimage\",\"url\":\"https:\/\/www.auto-dienst-kleve.de\/wp-content\/uploads\/2020\/04\/20200416_082347-225x300.jpg\",\"contentUrl\":\"https:\/\/www.auto-dienst-kleve.de\/wp-content\/uploads\/2020\/04\/20200416_082347-225x300.jpg\"},{\"@type\":\"WebPage\",\"@id\":\"https:\/\/www.auto-dienst-kleve.de\/startseite\/klimaservicekleve\/#webpage\",\"url\":\"https:\/\/www.auto-dienst-kleve.de\/startseite\/klimaservicekleve\/\",\"name\":\"Klimaservice Kleve R134A & R1234Yf - Autoservice Gerigk\",\"isPartOf\":{\"@id\":\"https:\/\/www.auto-dienst-kleve.de\/startseite\/#website\"},\"primaryImageOfPage\":{\"@id\":\"https:\/\/www.auto-dienst-kleve.de\/startseite\/klimaservicekleve\/#primaryimage\"},\"datePublished\":\"2020-01-31T10:05:05+00:00\",\"dateModified\":\"2020-04-17T09:51:39+00:00\",\"description\":\"Klimaanlage Aircondition k\u00fchlt nicht mehr? \u2749 Jetzt Klimaservice in Kleve machen. F\u00fcr alle Fahrzeuge gut & g\u00fcnstig! Direkt Termin vereinbaren! \u2749\",\"breadcrumb\":{\"@id\":\"https:\/\/www.auto-dienst-kleve.de\/startseite\/klimaservicekleve\/#breadcrumb\"},\"inLanguage\":\"de\",\"potentialAction\":[{\"@type\":\"ReadAction\",\"target\":[\"https:\/\/www.auto-dienst-kleve.de\/startseite\/klimaservicekleve\/\"]}]},{\"@type\":\"BreadcrumbList\",\"@id\":\"https:\/\/www.auto-dienst-kleve.de\/startseite\/klimaservicekleve\/#breadcrumb\",\"itemListElement\":[{\"@type\":\"ListItem\",\"position\":1,\"name\":\"Startseite\",\"item\":\"https:\/\/www.auto-dienst-kleve.de\/startseite\/\"},{\"@type\":\"ListItem\",\"position\":2,\"name\":\"Klimaservice\"}]}]}<\/script>\n<!-- \/ Yoast SEO plugin. -->","yoast_head_json":{"title":"Klimaservice Kleve R134A & R1234Yf - Autoservice Gerigk","description":"Klimaanlage Aircondition k\u00fchlt nicht mehr? \u2749 Jetzt Klimaservice in Kleve machen. F\u00fcr alle Fahrzeuge gut & g\u00fcnstig! Direkt Termin vereinbaren! \u2749","robots":{"index":"index","follow":"follow","max-snippet":"max-snippet:-1","max-image-preview":"max-image-preview:large","max-video-preview":"max-video-preview:-1"},"canonical":"https:\/\/www.auto-dienst-kleve.de\/startseite\/klimaservicekleve\/","og_locale":"de_DE","og_type":"article","og_title":"Klimaservice Kleve R134A & R1234Yf - Autoservice Gerigk","og_description":"Klimaanlage Aircondition k\u00fchlt nicht mehr? \u2749 Jetzt Klimaservice in Kleve machen. F\u00fcr alle Fahrzeuge gut & g\u00fcnstig! Direkt Termin vereinbaren! \u2749","og_url":"https:\/\/www.auto-dienst-kleve.de\/startseite\/klimaservicekleve\/","og_site_name":"Autoservice Gerigk","article_publisher":"https:\/\/de-de.facebook.com\/AutoserviceGerigk","article_modified_time":"2020-04-17T09:51:39+00:00","og_image":[{"url":"https:\/\/www.auto-dienst-kleve.de\/wp-content\/uploads\/2020\/04\/20200416_082347-225x300.jpg"}],"twitter_card":"summary_large_image","twitter_misc":{"Gesch\u00e4tzte Lesezeit":"1\u00a0Minute"},"schema":{"@context":"https:\/\/schema.org","@graph":[{"@type":"WebSite","@id":"https:\/\/www.auto-dienst-kleve.de\/startseite\/#website","url":"https:\/\/www.auto-dienst-kleve.de\/startseite\/","name":"Autoservice Gerigk","description":"Autowerkstatt Kleve alle Marken","potentialAction":[{"@type":"SearchAction","target":{"@type":"EntryPoint","urlTemplate":"https:\/\/www.auto-dienst-kleve.de\/startseite\/?s={search_term_string}"},"query-input":"required name=search_term_string"}],"inLanguage":"de"},{"@type":"ImageObject","inLanguage":"de","@id":"https:\/\/www.auto-dienst-kleve.de\/startseite\/klimaservicekleve\/#primaryimage","url":"https:\/\/www.auto-dienst-kleve.de\/wp-content\/uploads\/2020\/04\/20200416_082347-225x300.jpg","contentUrl":"https:\/\/www.auto-dienst-kleve.de\/wp-content\/uploads\/2020\/04\/20200416_082347-225x300.jpg"},{"@type":"WebPage","@id":"https:\/\/www.auto-dienst-kleve.de\/startseite\/klimaservicekleve\/#webpage","url":"https:\/\/www.auto-dienst-kleve.de\/startseite\/klimaservicekleve\/","name":"Klimaservice Kleve R134A & R1234Yf - Autoservice Gerigk","isPartOf":{"@id":"https:\/\/www.auto-dienst-kleve.de\/startseite\/#website"},"primaryImageOfPage":{"@id":"https:\/\/www.auto-dienst-kleve.de\/startseite\/klimaservicekleve\/#primaryimage"},"datePublished":"2020-01-31T10:05:05+00:00","dateModified":"2020-04-17T09:51:39+00:00","description":"Klimaanlage Aircondition k\u00fchlt nicht mehr? \u2749 Jetzt Klimaservice in Kleve machen. F\u00fcr alle Fahrzeuge gut & g\u00fcnstig! Direkt Termin vereinbaren! \u2749","breadcrumb":{"@id":"https:\/\/www.auto-dienst-kleve.de\/startseite\/klimaservicekleve\/#breadcrumb"},"inLanguage":"de","potentialAction":[{"@type":"ReadAction","target":["https:\/\/www.auto-dienst-kleve.de\/startseite\/klimaservicekleve\/"]}]},{"@type":"BreadcrumbList","@id":"https:\/\/www.auto-dienst-kleve.de\/startseite\/klimaservicekleve\/#breadcrumb","itemListElement":[{"@type":"ListItem","position":1,"name":"Startseite","item":"https:\/\/www.auto-dienst-kleve.de\/startseite\/"},{"@type":"ListItem","position":2,"name":"Klimaservice"}]}]}},"_links":{"self":[{"href":"https:\/\/www.auto-dienst-kleve.de\/startseite\/wp-json\/wp\/v2\/pages\/22"}],"collection":[{"href":"https:\/\/www.auto-dienst-kleve.de\/startseite\/wp-json\/wp\/v2\/pages"}],"about":[{"href":"https:\/\/www.auto-dienst-kleve.de\/startseite\/wp-json\/wp\/v2\/types\/page"}],"author":[{"embeddable":true,"href":"https:\/\/www.auto-dienst-kleve.de\/startseite\/wp-json\/wp\/v2\/users\/1"}],"replies":[{"embeddable":true,"href":"https:\/\/www.auto-dienst-kleve.de\/startseite\/wp-json\/wp\/v2\/comments?post=22"}],"version-history":[{"count":11,"href":"https:\/\/www.auto-dienst-kleve.de\/startseite\/wp-json\/wp\/v2\/pages\/22\/revisions"}],"predecessor-version":[{"id":305,"href":"https:\/\/www.auto-dienst-kleve.de\/startseite\/wp-json\/wp\/v2\/pages\/22\/revisions\/305"}],"wp:attachment":[{"href":"https:\/\/www.auto-dienst-kleve.de\/startseite\/wp-json\/wp\/v2\/media?parent=22"}],"curies":[{"name":"wp","href":"https:\/\/api.w.org\/{rel}","templated":true}]}}