{"id":185,"date":"2020-02-17T11:21:46","date_gmt":"2020-02-17T10:21:46","guid":{"rendered":"https:\/\/www.auto-dienst-kleve.de\/startseite\/?page_id=185"},"modified":"2020-02-19T15:19:27","modified_gmt":"2020-02-19T14:19:27","slug":"ueber-uns","status":"publish","type":"page","link":"https:\/\/www.auto-dienst-kleve.de\/startseite\/ueber-uns\/","title":{"rendered":"\u00dcber uns"},"content":{"rendered":"<p>Bereits seit Mai 2011 befinden wir uns auf der Riswicker Stra\u00dfe 58 in Kleve.<br \/>\nBei uns werden Sie freundlich und kompetent beraten. Wir nehmen uns Zeit f\u00fcr Ihr Anliegen und haben immer ein offenes Ohr.<\/p>\n<p><img src=\"https:\/\/www.auto-dienst-kleve.de\/wp-content\/uploads\/2020\/02\/84267044_3496343103771127_8576803609960775680_o.jpg\" alt=\"\" width=\"500\" class=\"alignnone size-full wp-image-212\" srcset=\"https:\/\/www.auto-dienst-kleve.de\/wp-content\/uploads\/2020\/02\/84267044_3496343103771127_8576803609960775680_o.jpg 2048w, https:\/\/www.auto-dienst-kleve.de\/wp-content\/uploads\/2020\/02\/84267044_3496343103771127_8576803609960775680_o-300x225.jpg 300w, https:\/\/www.auto-dienst-kleve.de\/wp-content\/uploads\/2020\/02\/84267044_3496343103771127_8576803609960775680_o-1024x768.jpg 1024w, https:\/\/www.auto-dienst-kleve.de\/wp-content\/uploads\/2020\/02\/84267044_3496343103771127_8576803609960775680_o-768x576.jpg 768w, https:\/\/www.auto-dienst-kleve.de\/wp-content\/uploads\/2020\/02\/84267044_3496343103771127_8576803609960775680_o-1536x1152.jpg 1536w\" sizes=\"(max-width: 2048px) 100vw, 2048px\" \/><\/p>\n<p>Zu unserem motivierten Team z\u00e4hlen wir Fachkr\u00e4fte spezialiert auf BMW und Volkswagen, in den Bereichen Karosserie und Elektronik sowie Diagnostik.<\/p>\n<p>Wir freuen uns, einen zuverl\u00e4ssigen Partner f\u00fcr qualitativ hochwertige Fahrzeugteile an unserer Seite zu haben, der durch Express-Zustellungen eine schnelle Verf\u00fcgbarkeit von Original- und Zubeh\u00f6rersatzteilen gew\u00e4hrleistet. <\/p>\n","protected":false},"excerpt":{"rendered":"<p>Bereits seit Mai 2011 befinden wir uns auf der Riswicker Stra\u00dfe 58 in Kleve. Bei uns werden Sie freundlich und kompetent beraten. Wir nehmen uns Zeit f\u00fcr Ihr Anliegen und haben immer ein offenes Ohr. Zu unserem motivierten Team z\u00e4hlen wir Fachkr\u00e4fte spezialiert auf BMW und Volkswagen, in den Bereichen Karosserie und Elektronik sowie Diagnostik. [&hellip;]<\/p>\n","protected":false},"author":1,"featured_media":0,"parent":0,"menu_order":0,"comment_status":"closed","ping_status":"closed","template":"","meta":[],"yoast_head":"<!-- This site is optimized with the Yoast SEO plugin v19.1 - https:\/\/yoast.com\/wordpress\/plugins\/seo\/ -->\n<title>\u00dcber uns - Autoservice Gerigk<\/title>\n<meta name=\"robots\" content=\"index, follow, max-snippet:-1, max-image-preview:large, max-video-preview:-1\" \/>\n<link rel=\"canonical\" href=\"https:\/\/www.auto-dienst-kleve.de\/startseite\/ueber-uns\/\" \/>\n<meta property=\"og:locale\" content=\"de_DE\" \/>\n<meta property=\"og:type\" content=\"article\" \/>\n<meta property=\"og:title\" content=\"\u00dcber uns - Autoservice Gerigk\" \/>\n<meta property=\"og:description\" content=\"Bereits seit Mai 2011 befinden wir uns auf der Riswicker Stra\u00dfe 58 in Kleve. Bei uns werden Sie freundlich und kompetent beraten. Wir nehmen uns Zeit f\u00fcr Ihr Anliegen und haben immer ein offenes Ohr. Zu unserem motivierten Team z\u00e4hlen wir Fachkr\u00e4fte spezialiert auf BMW und Volkswagen, in den Bereichen Karosserie und Elektronik sowie Diagnostik. [&hellip;]\" \/>\n<meta property=\"og:url\" content=\"https:\/\/www.auto-dienst-kleve.de\/startseite\/ueber-uns\/\" \/>\n<meta property=\"og:site_name\" content=\"Autoservice Gerigk\" \/>\n<meta property=\"article:publisher\" content=\"https:\/\/de-de.facebook.com\/AutoserviceGerigk\" \/>\n<meta property=\"article:modified_time\" content=\"2020-02-19T14:19:27+00:00\" \/>\n<meta property=\"og:image\" content=\"https:\/\/www.auto-dienst-kleve.de\/wp-content\/uploads\/2020\/02\/84267044_3496343103771127_8576803609960775680_o.jpg\" \/>\n<meta name=\"twitter:card\" content=\"summary_large_image\" \/>\n<script type=\"application\/ld+json\" class=\"yoast-schema-graph\">{\"@context\":\"https:\/\/schema.org\",\"@graph\":[{\"@type\":\"WebSite\",\"@id\":\"https:\/\/www.auto-dienst-kleve.de\/startseite\/#website\",\"url\":\"https:\/\/www.auto-dienst-kleve.de\/startseite\/\",\"name\":\"Autoservice Gerigk\",\"description\":\"Autowerkstatt Kleve alle Marken\",\"potentialAction\":[{\"@type\":\"SearchAction\",\"target\":{\"@type\":\"EntryPoint\",\"urlTemplate\":\"https:\/\/www.auto-dienst-kleve.de\/startseite\/?s={search_term_string}\"},\"query-input\":\"required name=search_term_string\"}],\"inLanguage\":\"de\"},{\"@type\":\"ImageObject\",\"inLanguage\":\"de\",\"@id\":\"https:\/\/www.auto-dienst-kleve.de\/startseite\/ueber-uns\/#primaryimage\",\"url\":\"https:\/\/www.auto-dienst-kleve.de\/wp-content\/uploads\/2020\/02\/84267044_3496343103771127_8576803609960775680_o.jpg\",\"contentUrl\":\"https:\/\/www.auto-dienst-kleve.de\/wp-content\/uploads\/2020\/02\/84267044_3496343103771127_8576803609960775680_o.jpg\",\"width\":2048,\"height\":1536},{\"@type\":\"WebPage\",\"@id\":\"https:\/\/www.auto-dienst-kleve.de\/startseite\/ueber-uns\/#webpage\",\"url\":\"https:\/\/www.auto-dienst-kleve.de\/startseite\/ueber-uns\/\",\"name\":\"\u00dcber uns - Autoservice Gerigk\",\"isPartOf\":{\"@id\":\"https:\/\/www.auto-dienst-kleve.de\/startseite\/#website\"},\"primaryImageOfPage\":{\"@id\":\"https:\/\/www.auto-dienst-kleve.de\/startseite\/ueber-uns\/#primaryimage\"},\"datePublished\":\"2020-02-17T10:21:46+00:00\",\"dateModified\":\"2020-02-19T14:19:27+00:00\",\"breadcrumb\":{\"@id\":\"https:\/\/www.auto-dienst-kleve.de\/startseite\/ueber-uns\/#breadcrumb\"},\"inLanguage\":\"de\",\"potentialAction\":[{\"@type\":\"ReadAction\",\"target\":[\"https:\/\/www.auto-dienst-kleve.de\/startseite\/ueber-uns\/\"]}]},{\"@type\":\"BreadcrumbList\",\"@id\":\"https:\/\/www.auto-dienst-kleve.de\/startseite\/ueber-uns\/#breadcrumb\",\"itemListElement\":[{\"@type\":\"ListItem\",\"position\":1,\"name\":\"Startseite\",\"item\":\"https:\/\/www.auto-dienst-kleve.de\/startseite\/\"},{\"@type\":\"ListItem\",\"position\":2,\"name\":\"\u00dcber uns\"}]}]}<\/script>\n<!-- \/ Yoast SEO plugin. -->","yoast_head_json":{"title":"\u00dcber uns - Autoservice Gerigk","robots":{"index":"index","follow":"follow","max-snippet":"max-snippet:-1","max-image-preview":"max-image-preview:large","max-video-preview":"max-video-preview:-1"},"canonical":"https:\/\/www.auto-dienst-kleve.de\/startseite\/ueber-uns\/","og_locale":"de_DE","og_type":"article","og_title":"\u00dcber uns - Autoservice Gerigk","og_description":"Bereits seit Mai 2011 befinden wir uns auf der Riswicker Stra\u00dfe 58 in Kleve. Bei uns werden Sie freundlich und kompetent beraten. Wir nehmen uns Zeit f\u00fcr Ihr Anliegen und haben immer ein offenes Ohr. Zu unserem motivierten Team z\u00e4hlen wir Fachkr\u00e4fte spezialiert auf BMW und Volkswagen, in den Bereichen Karosserie und Elektronik sowie Diagnostik. [&hellip;]","og_url":"https:\/\/www.auto-dienst-kleve.de\/startseite\/ueber-uns\/","og_site_name":"Autoservice Gerigk","article_publisher":"https:\/\/de-de.facebook.com\/AutoserviceGerigk","article_modified_time":"2020-02-19T14:19:27+00:00","og_image":[{"url":"https:\/\/www.auto-dienst-kleve.de\/wp-content\/uploads\/2020\/02\/84267044_3496343103771127_8576803609960775680_o.jpg"}],"twitter_card":"summary_large_image","schema":{"@context":"https:\/\/schema.org","@graph":[{"@type":"WebSite","@id":"https:\/\/www.auto-dienst-kleve.de\/startseite\/#website","url":"https:\/\/www.auto-dienst-kleve.de\/startseite\/","name":"Autoservice Gerigk","description":"Autowerkstatt Kleve alle Marken","potentialAction":[{"@type":"SearchAction","target":{"@type":"EntryPoint","urlTemplate":"https:\/\/www.auto-dienst-kleve.de\/startseite\/?s={search_term_string}"},"query-input":"required name=search_term_string"}],"inLanguage":"de"},{"@type":"ImageObject","inLanguage":"de","@id":"https:\/\/www.auto-dienst-kleve.de\/startseite\/ueber-uns\/#primaryimage","url":"https:\/\/www.auto-dienst-kleve.de\/wp-content\/uploads\/2020\/02\/84267044_3496343103771127_8576803609960775680_o.jpg","contentUrl":"https:\/\/www.auto-dienst-kleve.de\/wp-content\/uploads\/2020\/02\/84267044_3496343103771127_8576803609960775680_o.jpg","width":2048,"height":1536},{"@type":"WebPage","@id":"https:\/\/www.auto-dienst-kleve.de\/startseite\/ueber-uns\/#webpage","url":"https:\/\/www.auto-dienst-kleve.de\/startseite\/ueber-uns\/","name":"\u00dcber uns - Autoservice Gerigk","isPartOf":{"@id":"https:\/\/www.auto-dienst-kleve.de\/startseite\/#website"},"primaryImageOfPage":{"@id":"https:\/\/www.auto-dienst-kleve.de\/startseite\/ueber-uns\/#primaryimage"},"datePublished":"2020-02-17T10:21:46+00:00","dateModified":"2020-02-19T14:19:27+00:00","breadcrumb":{"@id":"https:\/\/www.auto-dienst-kleve.de\/startseite\/ueber-uns\/#breadcrumb"},"inLanguage":"de","potentialAction":[{"@type":"ReadAction","target":["https:\/\/www.auto-dienst-kleve.de\/startseite\/ueber-uns\/"]}]},{"@type":"BreadcrumbList","@id":"https:\/\/www.auto-dienst-kleve.de\/startseite\/ueber-uns\/#breadcrumb","itemListElement":[{"@type":"ListItem","position":1,"name":"Startseite","item":"https:\/\/www.auto-dienst-kleve.de\/startseite\/"},{"@type":"ListItem","position":2,"name":"\u00dcber uns"}]}]}},"_links":{"self":[{"href":"https:\/\/www.auto-dienst-kleve.de\/startseite\/wp-json\/wp\/v2\/pages\/185"}],"collection":[{"href":"https:\/\/www.auto-dienst-kleve.de\/startseite\/wp-json\/wp\/v2\/pages"}],"about":[{"href":"https:\/\/www.auto-dienst-kleve.de\/startseite\/wp-json\/wp\/v2\/types\/page"}],"author":[{"embeddable":true,"href":"https:\/\/www.auto-dienst-kleve.de\/startseite\/wp-json\/wp\/v2\/users\/1"}],"replies":[{"embeddable":true,"href":"https:\/\/www.auto-dienst-kleve.de\/startseite\/wp-json\/wp\/v2\/comments?post=185"}],"version-history":[{"count":11,"href":"https:\/\/www.auto-dienst-kleve.de\/startseite\/wp-json\/wp\/v2\/pages\/185\/revisions"}],"predecessor-version":[{"id":227,"href":"https:\/\/www.auto-dienst-kleve.de\/startseite\/wp-json\/wp\/v2\/pages\/185\/revisions\/227"}],"wp:attachment":[{"href":"https:\/\/www.auto-dienst-kleve.de\/startseite\/wp-json\/wp\/v2\/media?parent=185"}],"curies":[{"name":"wp","href":"https:\/\/api.w.org\/{rel}","templated":true}]}}