{"id":124,"date":"2020-02-14T16:34:46","date_gmt":"2020-02-14T15:34:46","guid":{"rendered":"http:\/\/www.auto-dienst-kleve.de\/startseite\/?page_id=124"},"modified":"2020-02-14T16:38:22","modified_gmt":"2020-02-14T15:38:22","slug":"geschaeftskunden","status":"publish","type":"page","link":"https:\/\/www.auto-dienst-kleve.de\/startseite\/geschaeftskunden\/","title":{"rendered":"Gesch\u00e4ftskunden"},"content":{"rendered":"<p>Sie m\u00f6chten die Wartung Ihres Fuhrparks in gute H\u00e4nde geben?<\/p>\n<p>&#8211; Terminierung von HU\/AU-Untersuchungen<br \/>\n&#8211; Inspektionen nach Herstellervorgaben<br \/>\n&#8211; Schnelle Hilfe im Schadenfall<br \/>\n&#8211; Vieles mehr!<\/p>\n<p><strong>Sprechen Sie uns an f\u00fcr individuelle L\u00f6sungen, die genau auf Ihren Betrieb zugeschnitten sind!<\/strong><\/p>\n","protected":false},"excerpt":{"rendered":"<p>Sie m\u00f6chten die Wartung Ihres Fuhrparks in gute H\u00e4nde geben? &#8211; Terminierung von HU\/AU-Untersuchungen &#8211; Inspektionen nach Herstellervorgaben &#8211; Schnelle Hilfe im Schadenfall &#8211; Vieles mehr! Sprechen Sie uns an f\u00fcr individuelle L\u00f6sungen, die genau auf Ihren Betrieb zugeschnitten sind!<\/p>\n","protected":false},"author":1,"featured_media":0,"parent":0,"menu_order":0,"comment_status":"closed","ping_status":"closed","template":"","meta":[],"yoast_head":"<!-- This site is optimized with the Yoast SEO plugin v19.1 - https:\/\/yoast.com\/wordpress\/plugins\/seo\/ -->\n<title>Gesch\u00e4ftskunden - Autoservice Gerigk<\/title>\n<meta name=\"robots\" content=\"index, follow, max-snippet:-1, max-image-preview:large, max-video-preview:-1\" \/>\n<link rel=\"canonical\" href=\"https:\/\/www.auto-dienst-kleve.de\/startseite\/geschaeftskunden\/\" \/>\n<meta property=\"og:locale\" content=\"de_DE\" \/>\n<meta property=\"og:type\" content=\"article\" \/>\n<meta property=\"og:title\" content=\"Gesch\u00e4ftskunden - Autoservice Gerigk\" \/>\n<meta property=\"og:description\" content=\"Sie m\u00f6chten die Wartung Ihres Fuhrparks in gute H\u00e4nde geben? &#8211; Terminierung von HU\/AU-Untersuchungen &#8211; Inspektionen nach Herstellervorgaben &#8211; Schnelle Hilfe im Schadenfall &#8211; Vieles mehr! Sprechen Sie uns an f\u00fcr individuelle L\u00f6sungen, die genau auf Ihren Betrieb zugeschnitten sind!\" \/>\n<meta property=\"og:url\" content=\"https:\/\/www.auto-dienst-kleve.de\/startseite\/geschaeftskunden\/\" \/>\n<meta property=\"og:site_name\" content=\"Autoservice Gerigk\" \/>\n<meta property=\"article:publisher\" content=\"https:\/\/de-de.facebook.com\/AutoserviceGerigk\" \/>\n<meta property=\"article:modified_time\" content=\"2020-02-14T15:38:22+00:00\" \/>\n<meta name=\"twitter:card\" content=\"summary_large_image\" \/>\n<script type=\"application\/ld+json\" class=\"yoast-schema-graph\">{\"@context\":\"https:\/\/schema.org\",\"@graph\":[{\"@type\":\"WebSite\",\"@id\":\"https:\/\/www.auto-dienst-kleve.de\/startseite\/#website\",\"url\":\"https:\/\/www.auto-dienst-kleve.de\/startseite\/\",\"name\":\"Autoservice Gerigk\",\"description\":\"Autowerkstatt Kleve alle Marken\",\"potentialAction\":[{\"@type\":\"SearchAction\",\"target\":{\"@type\":\"EntryPoint\",\"urlTemplate\":\"https:\/\/www.auto-dienst-kleve.de\/startseite\/?s={search_term_string}\"},\"query-input\":\"required name=search_term_string\"}],\"inLanguage\":\"de\"},{\"@type\":\"WebPage\",\"@id\":\"https:\/\/www.auto-dienst-kleve.de\/startseite\/geschaeftskunden\/#webpage\",\"url\":\"https:\/\/www.auto-dienst-kleve.de\/startseite\/geschaeftskunden\/\",\"name\":\"Gesch\u00e4ftskunden - Autoservice Gerigk\",\"isPartOf\":{\"@id\":\"https:\/\/www.auto-dienst-kleve.de\/startseite\/#website\"},\"datePublished\":\"2020-02-14T15:34:46+00:00\",\"dateModified\":\"2020-02-14T15:38:22+00:00\",\"breadcrumb\":{\"@id\":\"https:\/\/www.auto-dienst-kleve.de\/startseite\/geschaeftskunden\/#breadcrumb\"},\"inLanguage\":\"de\",\"potentialAction\":[{\"@type\":\"ReadAction\",\"target\":[\"https:\/\/www.auto-dienst-kleve.de\/startseite\/geschaeftskunden\/\"]}]},{\"@type\":\"BreadcrumbList\",\"@id\":\"https:\/\/www.auto-dienst-kleve.de\/startseite\/geschaeftskunden\/#breadcrumb\",\"itemListElement\":[{\"@type\":\"ListItem\",\"position\":1,\"name\":\"Startseite\",\"item\":\"https:\/\/www.auto-dienst-kleve.de\/startseite\/\"},{\"@type\":\"ListItem\",\"position\":2,\"name\":\"Gesch\u00e4ftskunden\"}]}]}<\/script>\n<!-- \/ Yoast SEO plugin. -->","yoast_head_json":{"title":"Gesch\u00e4ftskunden - Autoservice Gerigk","robots":{"index":"index","follow":"follow","max-snippet":"max-snippet:-1","max-image-preview":"max-image-preview:large","max-video-preview":"max-video-preview:-1"},"canonical":"https:\/\/www.auto-dienst-kleve.de\/startseite\/geschaeftskunden\/","og_locale":"de_DE","og_type":"article","og_title":"Gesch\u00e4ftskunden - Autoservice Gerigk","og_description":"Sie m\u00f6chten die Wartung Ihres Fuhrparks in gute H\u00e4nde geben? &#8211; Terminierung von HU\/AU-Untersuchungen &#8211; Inspektionen nach Herstellervorgaben &#8211; Schnelle Hilfe im Schadenfall &#8211; Vieles mehr! Sprechen Sie uns an f\u00fcr individuelle L\u00f6sungen, die genau auf Ihren Betrieb zugeschnitten sind!","og_url":"https:\/\/www.auto-dienst-kleve.de\/startseite\/geschaeftskunden\/","og_site_name":"Autoservice Gerigk","article_publisher":"https:\/\/de-de.facebook.com\/AutoserviceGerigk","article_modified_time":"2020-02-14T15:38:22+00:00","twitter_card":"summary_large_image","schema":{"@context":"https:\/\/schema.org","@graph":[{"@type":"WebSite","@id":"https:\/\/www.auto-dienst-kleve.de\/startseite\/#website","url":"https:\/\/www.auto-dienst-kleve.de\/startseite\/","name":"Autoservice Gerigk","description":"Autowerkstatt Kleve alle Marken","potentialAction":[{"@type":"SearchAction","target":{"@type":"EntryPoint","urlTemplate":"https:\/\/www.auto-dienst-kleve.de\/startseite\/?s={search_term_string}"},"query-input":"required name=search_term_string"}],"inLanguage":"de"},{"@type":"WebPage","@id":"https:\/\/www.auto-dienst-kleve.de\/startseite\/geschaeftskunden\/#webpage","url":"https:\/\/www.auto-dienst-kleve.de\/startseite\/geschaeftskunden\/","name":"Gesch\u00e4ftskunden - Autoservice Gerigk","isPartOf":{"@id":"https:\/\/www.auto-dienst-kleve.de\/startseite\/#website"},"datePublished":"2020-02-14T15:34:46+00:00","dateModified":"2020-02-14T15:38:22+00:00","breadcrumb":{"@id":"https:\/\/www.auto-dienst-kleve.de\/startseite\/geschaeftskunden\/#breadcrumb"},"inLanguage":"de","potentialAction":[{"@type":"ReadAction","target":["https:\/\/www.auto-dienst-kleve.de\/startseite\/geschaeftskunden\/"]}]},{"@type":"BreadcrumbList","@id":"https:\/\/www.auto-dienst-kleve.de\/startseite\/geschaeftskunden\/#breadcrumb","itemListElement":[{"@type":"ListItem","position":1,"name":"Startseite","item":"https:\/\/www.auto-dienst-kleve.de\/startseite\/"},{"@type":"ListItem","position":2,"name":"Gesch\u00e4ftskunden"}]}]}},"_links":{"self":[{"href":"https:\/\/www.auto-dienst-kleve.de\/startseite\/wp-json\/wp\/v2\/pages\/124"}],"collection":[{"href":"https:\/\/www.auto-dienst-kleve.de\/startseite\/wp-json\/wp\/v2\/pages"}],"about":[{"href":"https:\/\/www.auto-dienst-kleve.de\/startseite\/wp-json\/wp\/v2\/types\/page"}],"author":[{"embeddable":true,"href":"https:\/\/www.auto-dienst-kleve.de\/startseite\/wp-json\/wp\/v2\/users\/1"}],"replies":[{"embeddable":true,"href":"https:\/\/www.auto-dienst-kleve.de\/startseite\/wp-json\/wp\/v2\/comments?post=124"}],"version-history":[{"count":2,"href":"https:\/\/www.auto-dienst-kleve.de\/startseite\/wp-json\/wp\/v2\/pages\/124\/revisions"}],"predecessor-version":[{"id":129,"href":"https:\/\/www.auto-dienst-kleve.de\/startseite\/wp-json\/wp\/v2\/pages\/124\/revisions\/129"}],"wp:attachment":[{"href":"https:\/\/www.auto-dienst-kleve.de\/startseite\/wp-json\/wp\/v2\/media?parent=124"}],"curies":[{"name":"wp","href":"https:\/\/api.w.org\/{rel}","templated":true}]}}